{"id":117,"date":"2022-08-09T16:53:38","date_gmt":"2022-08-09T19:53:38","guid":{"rendered":"http:\/\/governo.sorocaba.sp.gov.br\/concilia\/?page_id=117"},"modified":"2024-04-17T11:24:43","modified_gmt":"2024-04-17T14:24:43","slug":"seja-bem-vindo","status":"publish","type":"page","link":"https:\/\/governo.sorocaba.sp.gov.br\/concilia\/","title":{"rendered":"Seja bem-vindo(a)!"},"content":{"rendered":"<p style=\"text-align: justify\">Inaugurado oficialmente em 28 de outubro de 2021, o Concilia Sorocaba \u00e9 um \u00f3rg\u00e3o da Prefeitura de Sorocaba, vinculado \u00e0 Secretaria de Governo e foi criado com o objetivo principal de agilizar e desburocratizar os servi\u00e7os prestados aos cidad\u00e3os, buscando sempre a resolu\u00e7\u00e3o de conflitos judiciais ou n\u00e3o judiciais e de execu\u00e7\u00e3o fiscal, conferindo mais velocidade \u00e0s a\u00e7\u00f5es que envolvam o munic\u00edpio.<\/p>\n<p style=\"text-align: justify\">Composto por tr\u00eas principais eixos, Educa\u00e7\u00e3o, Sa\u00fade e Tribut\u00e1rio, o Concilia Sorocaba segue a diretriz da atual gest\u00e3o municipal: buscar sempre a humaniza\u00e7\u00e3o, ouvindo o mun\u00edcipe, entendendo sua necessidade e procurando atend\u00ea-la, sempre que poss\u00edvel e dentro do que a legisla\u00e7\u00e3o permite.<\/p>\n","protected":false},"excerpt":{"rendered":"<p>Inaugurado oficialmente em 28 de outubro de 2021, o Concilia Sorocaba \u00e9 um \u00f3rg\u00e3o da Prefeitura de Sorocaba, vinculado \u00e0 Secretaria de Governo e foi criado com o objetivo principal de agilizar e desburocratizar os servi\u00e7os prestados aos cidad\u00e3os, buscando sempre a resolu\u00e7\u00e3o de conflitos judiciais ou n\u00e3o judiciais e de execu\u00e7\u00e3o fiscal, conferindo mais&nbsp; <a href=\"https:\/\/governo.sorocaba.sp.gov.br\/concilia\/\">&hellip; Leia mais<\/a><\/p>\n","protected":false},"author":34,"featured_media":0,"parent":0,"menu_order":0,"comment_status":"closed","ping_status":"closed","template":"page-subsite-menu.php","meta":{"footnotes":""},"class_list":["post-117","page","type-page","status-publish","hentry"],"_links":{"self":[{"href":"https:\/\/governo.sorocaba.sp.gov.br\/concilia\/wp-json\/wp\/v2\/pages\/117","targetHints":{"allow":["GET"]}}],"collection":[{"href":"https:\/\/governo.sorocaba.sp.gov.br\/concilia\/wp-json\/wp\/v2\/pages"}],"about":[{"href":"https:\/\/governo.sorocaba.sp.gov.br\/concilia\/wp-json\/wp\/v2\/types\/page"}],"author":[{"embeddable":true,"href":"https:\/\/governo.sorocaba.sp.gov.br\/concilia\/wp-json\/wp\/v2\/users\/34"}],"replies":[{"embeddable":true,"href":"https:\/\/governo.sorocaba.sp.gov.br\/concilia\/wp-json\/wp\/v2\/comments?post=117"}],"version-history":[{"count":3,"href":"https:\/\/governo.sorocaba.sp.gov.br\/concilia\/wp-json\/wp\/v2\/pages\/117\/revisions"}],"predecessor-version":[{"id":162,"href":"https:\/\/governo.sorocaba.sp.gov.br\/concilia\/wp-json\/wp\/v2\/pages\/117\/revisions\/162"}],"wp:attachment":[{"href":"https:\/\/governo.sorocaba.sp.gov.br\/concilia\/wp-json\/wp\/v2\/media?parent=117"}],"curies":[{"name":"wp","href":"https:\/\/api.w.org\/{rel}","templated":true}]}}