{"id":350,"date":"2023-08-07T13:47:33","date_gmt":"2023-08-07T16:47:33","guid":{"rendered":"http:\/\/governo.sorocaba.sp.gov.br\/procon\/?page_id=350"},"modified":"2024-10-22T17:00:20","modified_gmt":"2024-10-22T19:00:20","slug":"outros-orgaos","status":"publish","type":"page","link":"https:\/\/governo.sorocaba.sp.gov.br\/procon\/outros-orgaos\/","title":{"rendered":"Den\u00fancias a outros \u00f3rg\u00e3os"},"content":{"rendered":"<div class=\"elementor-element elementor-element-394bf577 elementor-widget elementor-widget-heading\"><\/div>\n<div class=\"elementor-element elementor-element-693242c2 elementor-widget-divider--view-line elementor-widget elementor-widget-divider\">\u00a0<b>Den\u00fancias sobre alimentos estragados\/vencidos ou limpeza de ambientes, etc<\/b><\/div>\n<div class=\"elementor-element elementor-element-4182eb55 elementor-widget elementor-widget-text-editor\">\n<p class=\"elementor-widget-container\"><i>Vigil\u00e2ncia Sanit\u00e1ria<\/i><\/p>\n<ul>\n<li>Telefone: 156<\/li>\n<li>Site: <a href=\"http:\/\/central156.sorocaba.sp.gov.br\/atendimento\/#\/Home\/Solicitacao\">Central de Atendimento-Prefeitura de Sorocaba<\/a><\/li>\n<\/ul>\n<h4><b>Den\u00fancias sobre Bomba Baixa (quantidade) \u2013 Balan\u00e7as<\/b><\/h4>\n<p class=\"elementor-widget-container\"><i>IPEM: Ouvidoria do IPEM-SP<\/i><\/p>\n<ul>\n<li>Telefone: 0800-013-0522, de 2\u00aa a 6\u00aa \u2013 8h \u00e0s 17h.<\/li>\n<li>E-mail:\u00a0<a href=\"mailto:ouvidoria@ipem.sp.gov.br\">ouvidoria@ipem.sp.gov.br<\/a><\/li>\n<li>Site: <a href=\"https:\/\/www.ipem.sp.gov.br\/index.php\/canais-de-comunicacao\/ouvidoria\/ouvidoria-ipemsp\">Ouvidoria do Ipem-SP<\/a><\/li>\n<li>Presencial: Av. Am\u00e9rico de Carvalho, 58 \u2013 Jd Europa \u2013 CEP 18045-000 \u2013 (15) 3221-7995.<\/li>\n<\/ul>\n<h4><b>Den\u00fancias sobre combust\u00edvel com suspeita de adultera\u00e7\u00e3o<\/b><\/h4>\n<p class=\"elementor-widget-container\"><i>ANP<\/i><\/p>\n<ul>\n<li>Site:\u00a0<a href=\"http:\/\/www.anp.gov.br\/fale-conosco\" target=\"_blank\" rel=\"noopener\">http:\/\/www.anp.gov.br\/fale-conosco<\/a><\/li>\n<li>Telefone: 0800-970-0267<\/li>\n<\/ul>\n<p class=\"elementor-widget-container\"><i>FUNDA\u00c7\u00c3O PROCON\/SP<\/i><\/p>\n<ul>\n<li>Site:\u00a0<a href=\"http:\/\/sistemas.procon.sp.gov.br\/procon\/atendimento.asp\" target=\"_blank\" rel=\"noopener\">http:\/\/sistemas.procon.sp.gov.br\/procon\/atendimento.asp<\/a><\/li>\n<\/ul>\n<h4><b>Den\u00fancias sobre Nota Fiscal \/ n\u00e3o emiss\u00e3o<\/b><\/h4>\n<p class=\"elementor-widget-container\"><i>Ouvidoria Fazend\u00e1ria<\/i><\/p>\n<ul>\n<li>Telefones: (11) 3243-3676 e (11) 3243-3683<\/li>\n<li>Fax: (11) 3243-3500<\/li>\n<li>E-mail:\u00a0<a href=\"mailto:ouvidoria@fazenda.sp.gov.br\">ouvidoria@fazenda.sp.gov.br<\/a><\/li>\n<li>Site: <a href=\"https:\/\/portal.fazenda.sp.gov.br\/servicos\/ouvidoria\/Paginas\/Sobre.aspx\">P\u00e1ginas &#8211; Sobre a Ouvidoria Fazend\u00e1ria<\/a><\/li>\n<li>Presencial:\u00a0<a href=\"https:\/\/goo.gl\/maps\/5b9HCH7sLYMgAUxv6\" target=\"_blank\" rel=\"noopener\">Avenida Rangel Pestana, 300 \u2013 6\u00ba andar \u2013 S\u00e9 \u2013 S\u00e3o Paulo \u2013 SP \u2013 CEP 01017-911<\/a><\/li>\n<\/ul>\n<h4><b>Den\u00fancias sobre Nota Fiscal de Servi\u00e7os (PMS) \/ n\u00e3o emiss\u00e3o<\/b><\/h4>\n<p class=\"elementor-widget-container\"><i>Prefeitura de Sorocaba<\/i><\/p>\n<ul>\n<li>Site:\u00a0<a href=\"http:\/\/www.sorocaba.sp.gov.br\/atendimento\" target=\"_blank\" rel=\"noopener\">www.sorocaba.sp.gov.br\/atendimento<\/a>\n<ul>\n<li>Sequ\u00eancia: Reclama\u00e7\u00f5es &gt; Empresas\/Servi\u00e7os &gt; N\u00e3o fornecimento de Notas Fiscais de Servi\u00e7os<\/li>\n<\/ul>\n<\/li>\n<\/ul>\n<h4><b>Den\u00fancias sobre suspeita de falsifica\u00e7\u00e3o ou Selo do INMETRO (roupas \u2013 brinquedos)<\/b><\/h4>\n<p class=\"elementor-widget-container\"><i>Ouvidoria INMETRO \u2013 Instituto Nacional de Metrologia, Qualidade e Tecnologia<\/i><\/p>\n<ul>\n<li>Telefone: 0800-285-1818<\/li>\n<li>E-mail:\u00a0<a href=\"mailto:ouvidoria@inmetro.gov.br\">ouvidoria@inmetro.gov.br<\/a><\/li>\n<li>Site:\u00a0<a href=\"https:\/\/www.gov.br\/inmetro\/pt-br\/canais_atendimento\/ouvidoria\" target=\"_blank\" rel=\"noopener\">https:\/\/www.gov.br\/inmetro\/pt-br\/canais_atendimento\/ouvidoria<\/a><\/li>\n<\/ul>\n<\/div>\n","protected":false},"excerpt":{"rendered":"<p>\u00a0Den\u00fancias sobre alimentos estragados\/vencidos ou limpeza de ambientes, etc Vigil\u00e2ncia Sanit\u00e1ria Telefone: 156 Site: Central de Atendimento-Prefeitura de Sorocaba Den\u00fancias sobre Bomba Baixa (quantidade) \u2013 Balan\u00e7as IPEM: Ouvidoria do IPEM-SP Telefone: 0800-013-0522, de 2\u00aa a 6\u00aa \u2013 8h \u00e0s 17h. E-mail:\u00a0ouvidoria@ipem.sp.gov.br Site: Ouvidoria do Ipem-SP Presencial: Av. Am\u00e9rico de Carvalho, 58 \u2013 Jd Europa \u2013&nbsp; <a href=\"https:\/\/governo.sorocaba.sp.gov.br\/procon\/outros-orgaos\/\">&hellip; Leia mais<\/a><\/p>\n","protected":false},"author":37,"featured_media":0,"parent":0,"menu_order":0,"comment_status":"closed","ping_status":"closed","template":"page-subsite-menu.php","meta":{"footnotes":""},"class_list":["post-350","page","type-page","status-publish","hentry"],"_links":{"self":[{"href":"https:\/\/governo.sorocaba.sp.gov.br\/procon\/wp-json\/wp\/v2\/pages\/350","targetHints":{"allow":["GET"]}}],"collection":[{"href":"https:\/\/governo.sorocaba.sp.gov.br\/procon\/wp-json\/wp\/v2\/pages"}],"about":[{"href":"https:\/\/governo.sorocaba.sp.gov.br\/procon\/wp-json\/wp\/v2\/types\/page"}],"author":[{"embeddable":true,"href":"https:\/\/governo.sorocaba.sp.gov.br\/procon\/wp-json\/wp\/v2\/users\/37"}],"replies":[{"embeddable":true,"href":"https:\/\/governo.sorocaba.sp.gov.br\/procon\/wp-json\/wp\/v2\/comments?post=350"}],"version-history":[{"count":31,"href":"https:\/\/governo.sorocaba.sp.gov.br\/procon\/wp-json\/wp\/v2\/pages\/350\/revisions"}],"predecessor-version":[{"id":757,"href":"https:\/\/governo.sorocaba.sp.gov.br\/procon\/wp-json\/wp\/v2\/pages\/350\/revisions\/757"}],"wp:attachment":[{"href":"https:\/\/governo.sorocaba.sp.gov.br\/procon\/wp-json\/wp\/v2\/media?parent=350"}],"curies":[{"name":"wp","href":"https:\/\/api.w.org\/{rel}","templated":true}]}}