{"id":49,"date":"2023-08-03T11:30:46","date_gmt":"2023-08-03T14:30:46","guid":{"rendered":"http:\/\/governo.sorocaba.sp.gov.br\/procon\/?page_id=49"},"modified":"2026-03-12T10:20:54","modified_gmt":"2026-03-12T13:20:54","slug":"institucional","status":"publish","type":"page","link":"https:\/\/governo.sorocaba.sp.gov.br\/procon\/","title":{"rendered":""},"content":{"rendered":"<p><a href=\"#procon\"><img decoding=\"async\" src=\"http:\/\/governo.sorocaba.sp.gov.br\/procon\/wp-content\/uploads\/sites\/3\/2023\/08\/logo-procon-2021-2.jpg\" alt=\"Logo-Procon-2021\" width=\"50%\" height=\"50%\" \/><\/a><\/p>\n<hr \/>\n<p><strong>\u00a0<\/strong><\/p>\n<h4>Hist\u00f3ria<\/h4>\n<p style=\"text-align: justify;\">O PROCON Sorocaba foi criado em 1.980, atrav\u00e9s da lei municipal n\u00ba 2.072 de 03 de junho, denominando-se COM PROCON (Comiss\u00e3o Municipal de Prote\u00e7\u00e3o ao Consumidor), tendo como seu primeiro coordenador, Dr. Cl\u00e1udio Grosso.<\/p>\n<p style=\"text-align: justify;\">Nos anos seguintes, o PROCON foi gerido pelos ilustres Dr. Lauro C\u00e9sar de Madureira Mestre (1980 \u2013 1985), Dr. H\u00e9lio Rosa Baldy Filho (1985 \u2013 2013), Dr. Domingos Paes Vieira Filho (2013 \u2013 2017), Jos\u00e9 Ant\u00f4nio de Oliveira Junior (2017), Dr. An\u00e9sio Aparecido Lima (2017), Dr. Laerte Am\u00e9rico Molleta (2017 \u2013 2019), Dr. Carlos Alberto de Lima Rocco J\u00fanior (2019 \u20132020),<br \/>\nThiago Borges Nascimento (2020) e Dra. Cristiane Bonito Rodrigues (2021 \u2013 Superintend\u00eancia atual).<\/p>\n<p style=\"text-align: justify;\">Em dezembro de 2017, o PROCON Sorocaba deu um importante passo em dire\u00e7\u00e3o ao crescimento. Atrav\u00e9s da Lei 11.648\/2017, foi Municipalizado. Essa Lei ainda instituiu o Conselho Municipal de Prote\u00e7\u00e3o e Defesa do Consumidor, bem como instituiu tamb\u00e9m o Fundo Municipal de Prote\u00e7\u00e3o e Defesa do Consumidor. Desde a Municipaliza\u00e7\u00e3o, avan\u00e7amos ainda mais no fortalecimento da defesa da cidadania e dos interesses do consumidor sorocabano.<\/p>\n<p style=\"text-align: justify;\">Em 14\/03\/2018, o PROCON Sorocaba teve sua Sede Administrativa reinaugurada, passando a atender aos mun\u00edcipes com mais conforto, em im\u00f3vel pr\u00f3prio e estruturado, localizado \u00e0 Avenida Ant\u00f4nio Carlos Comitre, 330\/331 \u2013 Portal da Colina.<\/p>\n<p style=\"text-align: justify;\">Em 2018 foram inaugurados os postos de atendimento avan\u00e7ado \u201cZona Norte\u201d e \u201cZona Leste\u201d, respectivamente, os quais contam com salas e estruturas exclusivas dentro das Casas do Cidad\u00e3o.<\/p>\n<p style=\"text-align: justify;\">Para melhor atender os consumidores, em 2021 o PROCON Sorocaba adquiriu sua unidade m\u00f3vel \u2013 o \u201cProcon M\u00f3vel\u201d \u2013 com agenda divulgada semanalmente, o que possibilitou que o servi\u00e7o seja prestado em diferentes regi\u00f5es da cidade, como: terminais de \u00f4nibus, pra\u00e7as e bairros mais afastados com a finalidade de levar o atendimento at\u00e9 os mais necessitados ou com dificuldade de locomo\u00e7\u00e3o.<\/p>\n<p style=\"text-align: justify;\">Com a edi\u00e7\u00e3o da Lei Federal n\u00ba 14.181\/2021 que alterou o C\u00f3digo de Defesa do Consumidor e disp\u00f4s sobre o tratamento do superendividado, em 18\/10\/2023 foi oficialmente criado no Munic\u00edpio de Sorocaba, atrav\u00e9s do Decreto Municipal n\u00ba 28.371\/2023 o \u201cPrograma de Apoio ao Superendividado \u2013 PAS\u201d pelo PROCON Sorocaba, que conta com uma Comiss\u00e3o especialmente designada para tratar estes casos. O PAS foi criado em raz\u00e3o da necessidade de instituir mecanismos de preven\u00e7\u00e3o, concilia\u00e7\u00e3o e tratamento do superendividamento como forma de evitar a exclus\u00e3o social do consumidor. O Programa se destina a toda pessoa f\u00edsica de boa-f\u00e9 que se encontra impossibilitada de pagar suas d\u00edvidas sem comprometer o m\u00ednimo necess\u00e1ria para sua sobreviv\u00eancia e \u00e9 um forte avan\u00e7o para devolver ao consumidor a possibilidade de gest\u00e3o do seu patrim\u00f4nio, a dignidade de saldar suas d\u00edvidas e reingressar no mercado de consumo.<\/p>\n<p style=\"text-align: justify;\">Entre 2023 e 2024, o atendimento do PROCON Sorocaba foi estendido a todas as 08 (oito) Casas do Cidad\u00e3o reinauguradas no Munic\u00edpio.<\/p>\n<hr \/>\n<div class=\"wp-block-spacer\"><\/div>\n<p><strong>\u00a0<\/strong><\/p>\n<h4>Destaques<\/h4>\n<table width=\"590\">\n<tbody>\n<tr>\n<td><a href=\"https:\/\/noticias.sorocaba.sp.gov.br\/category\/procon-sorocaba\/\" target=\"_blank\" rel=\"noopener\"><br \/>\n<img loading=\"lazy\" decoding=\"async\" src=\"http:\/\/governo.sorocaba.sp.gov.br\/procon\/wp-content\/uploads\/sites\/3\/2023\/08\/item-destaque-noticias.png\" width=\"132\" height=\"165\" \/><br \/>\n<\/a><\/td>\n<td><a href=\"https:\/\/api.whatsapp.com\/send?phone=5515991117448\" target=\"_blank\" rel=\"noopener\"><br \/>\n<img loading=\"lazy\" decoding=\"async\" src=\"http:\/\/governo.sorocaba.sp.gov.br\/procon\/wp-content\/uploads\/sites\/3\/2023\/08\/item-destaque-whatsapp.png\" width=\"132\" height=\"165\" \/><br \/>\n<\/a><\/td>\n<td><a href=\"https:\/\/www.naomeperturbe.com.br\/\" target=\"_blank\" rel=\"noopener\"><br \/>\n<img loading=\"lazy\" decoding=\"async\" src=\"http:\/\/governo.sorocaba.sp.gov.br\/procon\/wp-content\/uploads\/sites\/3\/2023\/08\/item-destaque-bloqueio-telemarketing-1.png\" width=\"132\" height=\"165\" \/><br \/>\n<\/a><\/td>\n<td><a href=\"https:\/\/www.consumidor.gov.br\/\" target=\"_blank\" rel=\"noopener\"><br \/>\n<img loading=\"lazy\" decoding=\"async\" src=\"http:\/\/governo.sorocaba.sp.gov.br\/procon\/wp-content\/uploads\/sites\/3\/2023\/08\/item-destaque-consumidorgov.png\" width=\"132\" height=\"165\" \/><br \/>\n<\/a><\/td>\n<\/tr>\n<\/tbody>\n<\/table>\n<p>&nbsp;<\/p>\n<hr \/>\n<div class=\"wp-block-spacer\"><\/div>\n<div class=\"wp-block-spacer\"><strong>PROCON Sorocaba<\/strong><br \/>\nSuperintend\u00eancia do Servi\u00e7o Municipal de Prote\u00e7\u00e3o e Defesa do Consumidor<br \/>\nAv. Ant\u00f4nio Carlos Comitre, n\u00ba 331 &#8211; Portal da Colina, Sorocaba &#8211; SP<\/div>\n<div class=\"wp-block-spacer\">CEP: 18047-620<\/div>\n","protected":false},"excerpt":{"rendered":"<p>\u00a0 Hist\u00f3ria O PROCON Sorocaba foi criado em 1.980, atrav\u00e9s da lei municipal n\u00ba 2.072 de 03 de junho, denominando-se COM PROCON (Comiss\u00e3o Municipal de Prote\u00e7\u00e3o ao Consumidor), tendo como seu primeiro coordenador, Dr. Cl\u00e1udio Grosso. Nos anos seguintes, o PROCON foi gerido pelos ilustres Dr. Lauro C\u00e9sar de Madureira Mestre (1980 \u2013 1985), Dr.&nbsp; <a href=\"https:\/\/governo.sorocaba.sp.gov.br\/procon\/\">&hellip; Leia mais<\/a><\/p>\n","protected":false},"author":37,"featured_media":0,"parent":0,"menu_order":0,"comment_status":"closed","ping_status":"closed","template":"page-subsite-menu.php","meta":{"footnotes":""},"class_list":["post-49","page","type-page","status-publish","hentry"],"_links":{"self":[{"href":"https:\/\/governo.sorocaba.sp.gov.br\/procon\/wp-json\/wp\/v2\/pages\/49","targetHints":{"allow":["GET"]}}],"collection":[{"href":"https:\/\/governo.sorocaba.sp.gov.br\/procon\/wp-json\/wp\/v2\/pages"}],"about":[{"href":"https:\/\/governo.sorocaba.sp.gov.br\/procon\/wp-json\/wp\/v2\/types\/page"}],"author":[{"embeddable":true,"href":"https:\/\/governo.sorocaba.sp.gov.br\/procon\/wp-json\/wp\/v2\/users\/37"}],"replies":[{"embeddable":true,"href":"https:\/\/governo.sorocaba.sp.gov.br\/procon\/wp-json\/wp\/v2\/comments?post=49"}],"version-history":[{"count":33,"href":"https:\/\/governo.sorocaba.sp.gov.br\/procon\/wp-json\/wp\/v2\/pages\/49\/revisions"}],"predecessor-version":[{"id":793,"href":"https:\/\/governo.sorocaba.sp.gov.br\/procon\/wp-json\/wp\/v2\/pages\/49\/revisions\/793"}],"wp:attachment":[{"href":"https:\/\/governo.sorocaba.sp.gov.br\/procon\/wp-json\/wp\/v2\/media?parent=49"}],"curies":[{"name":"wp","href":"https:\/\/api.w.org\/{rel}","templated":true}]}}