{"id":57,"date":"2023-08-03T12:27:32","date_gmt":"2023-08-03T15:27:32","guid":{"rendered":"http:\/\/governo.sorocaba.sp.gov.br\/procon\/?page_id=57"},"modified":"2024-04-18T13:02:56","modified_gmt":"2024-04-18T16:02:56","slug":"atendimento","status":"publish","type":"page","link":"https:\/\/governo.sorocaba.sp.gov.br\/procon\/atendimento\/","title":{"rendered":"Atendimento"},"content":{"rendered":"<h4><strong>Telefone: <\/strong>151<\/h4>\n<h4><strong>Denuncie pelo site <a href=\"http:\/\/governo.sorocaba.sp.gov.br\/procon\/denuncias\">clicando aqui<\/a><\/strong><\/h4>\n<h4><strong>WhatsApp: <\/strong><a style=\"color: blue;\" href=\"https:\/\/api.whatsapp.com\/send?phone=5515991117448\" target=\"_blanck\">(15) 99111-7448<\/a><\/h4>\n<p>&nbsp;<\/p>\n<h4><strong>Atendimento presencial<\/strong><\/h4>\n<ul>\n<li><strong>Unidade Administrativa<\/strong><br \/>\nAv. Ant\u00f4nio Carlos C\u00f4mitre, 330\/331 \u2013 Portal da Colina<br \/>\n(ao lado do pr\u00e9dio da Justi\u00e7a Federal)<br \/>\n<em>Segunda a sexta-feira, das 8:30 \u00e0s 16:00<\/em><\/li>\n<\/ul>\n<ul>\n<li><strong>Casa do Cidad\u00e3o Shopping P\u00e1tio Cian\u00ea<\/strong><br \/>\nShopping P\u00e1tio Cian\u00ea \u2013 Piso 3 &#8211; Bloco B<br \/>\n<em>Segunda a sexta-feira, das 10:00 \u00e0s 19:15<\/em><\/li>\n<\/ul>\n<ul>\n<li><strong>Casa do Cidad\u00e3o Ipanema <\/strong><br \/>\nAv. Ipanema, 3.349 \u2013 Vila Helena<br \/>\n<em>Segunda a sexta-feira, das 8:00 \u00e0s \u00e0s 17:00<\/em><\/li>\n<\/ul>\n<ul>\n<li><strong>Casa do Cidad\u00e3o Nogueira Padilha<\/strong><br \/>\nAv. Nogueira Padilha, 1.460 \u2013 Vila Hort\u00eancia<br \/>\n<em>Segunda a sexta-feira, das 8:00 \u00e0s \u00e0s 17:00<\/em><\/li>\n<\/ul>\n<ul>\n<li><strong>Casa do Cidad\u00e3o Itavuvu<\/strong><br \/>\nAv. Itavuvu, 3.415 \u2013 Parque das Laranjeiras<br \/>\n<em>Segunda a sexta-feira, das 8:00 \u00e0s \u00e0s 17:00<\/em><\/li>\n<\/ul>\n<ul>\n<li><strong>Casa do Cidad\u00e3o \u00c9den<\/strong><br \/>\nRua Bonif\u00e1cio de Oliveira Cass\u00fa, 180 \u2013 \u00c9den<br \/>\n<em>Segunda a sexta-feira, das 8:00 \u00e0s \u00e0s 17:00<\/em><\/li>\n<\/ul>\n<ul>\n<li><strong>Casa do Cidad\u00e3o Ipiranga<\/strong><br \/>\nRua Estado de Israel, 424 \u2013 Jardim Ipiranga<br \/>\n<em>Segunda a sexta-feira, das 8:00 \u00e0s \u00e0s 17:00<\/em><\/li>\n<\/ul>\n<ul>\n<li><strong>Casa do Cidad\u00e3o Pa\u00e7o Municipal<\/strong><br \/>\nAv. Engenheiro Carlos Reinaldo Mendes, 3.041 \u2013 andar t\u00e9rreo &#8211;<br \/>\nAlto da Boa Vista<br \/>\n<em>Segunda a sexta-feira, das 8:00 \u00e0s \u00e0s 17:00<\/em><\/li>\n<\/ul>\n<ul>\n<li><strong>Casa do Cidad\u00e3o Brigadeiro Tobias<\/strong><br \/>\nAv. Bandeirantes, 4.155 \u2013 Brigadeiro Tobias<br \/>\n<em>Segunda a sexta-feira, das 8:00 \u00e0s \u00e0s 17:00<\/em><\/li>\n<\/ul>\n<ul>\n<li><strong>Unidade M\u00f3vel <\/strong><br \/>\nAgenda divulgada semanalmente no link:<br \/>\n<a style=\"color: blue;\" href=\"https:\/\/noticias.sorocaba.sp.gov.br\/category\/procon-sorocaba\/\" target=\"_blank\">https:\/\/noticias.sorocaba.sp.gov.br<\/a><\/li>\n<\/ul>\n","protected":false},"excerpt":{"rendered":"<p>Telefone: 151 Denuncie pelo site clicando aqui WhatsApp: (15) 99111-7448 &nbsp; Atendimento presencial Unidade Administrativa Av. Ant\u00f4nio Carlos C\u00f4mitre, 330\/331 \u2013 Portal da Colina (ao lado do pr\u00e9dio da Justi\u00e7a Federal) Segunda a sexta-feira, das 8:30 \u00e0s 16:00 Casa do Cidad\u00e3o Shopping P\u00e1tio Cian\u00ea Shopping P\u00e1tio Cian\u00ea \u2013 Piso 3 &#8211; Bloco B Segunda a&nbsp; <a href=\"https:\/\/governo.sorocaba.sp.gov.br\/procon\/atendimento\/\">&hellip; Leia mais<\/a><\/p>\n","protected":false},"author":37,"featured_media":0,"parent":0,"menu_order":0,"comment_status":"closed","ping_status":"closed","template":"page-subsite-menu.php","meta":{"footnotes":""},"class_list":["post-57","page","type-page","status-publish","hentry"],"_links":{"self":[{"href":"https:\/\/governo.sorocaba.sp.gov.br\/procon\/wp-json\/wp\/v2\/pages\/57","targetHints":{"allow":["GET"]}}],"collection":[{"href":"https:\/\/governo.sorocaba.sp.gov.br\/procon\/wp-json\/wp\/v2\/pages"}],"about":[{"href":"https:\/\/governo.sorocaba.sp.gov.br\/procon\/wp-json\/wp\/v2\/types\/page"}],"author":[{"embeddable":true,"href":"https:\/\/governo.sorocaba.sp.gov.br\/procon\/wp-json\/wp\/v2\/users\/37"}],"replies":[{"embeddable":true,"href":"https:\/\/governo.sorocaba.sp.gov.br\/procon\/wp-json\/wp\/v2\/comments?post=57"}],"version-history":[{"count":49,"href":"https:\/\/governo.sorocaba.sp.gov.br\/procon\/wp-json\/wp\/v2\/pages\/57\/revisions"}],"predecessor-version":[{"id":705,"href":"https:\/\/governo.sorocaba.sp.gov.br\/procon\/wp-json\/wp\/v2\/pages\/57\/revisions\/705"}],"wp:attachment":[{"href":"https:\/\/governo.sorocaba.sp.gov.br\/procon\/wp-json\/wp\/v2\/media?parent=57"}],"curies":[{"name":"wp","href":"https:\/\/api.w.org\/{rel}","templated":true}]}}