{"id":65,"date":"2023-08-03T13:19:56","date_gmt":"2023-08-03T16:19:56","guid":{"rendered":"http:\/\/governo.sorocaba.sp.gov.br\/procon\/?page_id=65"},"modified":"2024-04-17T11:20:42","modified_gmt":"2024-04-17T14:20:42","slug":"legislacao-municipal","status":"publish","type":"page","link":"https:\/\/governo.sorocaba.sp.gov.br\/procon\/legislacao-municipal\/","title":{"rendered":"Legisla\u00e7\u00e3o Municipal"},"content":{"rendered":"<p style=\"text-align: justify;\">Compila\u00e7\u00e3o da legisla\u00e7\u00e3o municipal relativa ao \u00d3rg\u00e3o de Defesa do Consumidor<\/p>\n<p>&nbsp;<\/p>\n<h4><strong>LEI N\u00ba 11.799, DE 1 DE OUTUBRO DE 2018.<\/strong><\/h4>\n<p style=\"text-align: justify;\">Institui a \u201cCAMPANHA EMPRESA AMIGA DO CONSUMIDOR\u201d e d\u00e1 outras provid\u00eancias.<\/p>\n<p><a style=\"color: blue;\" href=\"http:\/\/leismunicipa.is\/boqfw\" target=\"_blank\">http:\/\/leismunicipa.is\/boqfw<\/a><\/p>\n<p>&nbsp;<\/p>\n<h4><strong>DECRETO N\u00ba 24.078, DE 17 DE SETEMBRO DE 2018.<\/strong><\/h4>\n<p style=\"text-align: justify;\">Regulamenta procedimentos e processos administrativos no \u00e2mbito do PROCON \u2013 Sorocaba e d\u00e1 outras provid\u00eancias.<\/p>\n<p><a style=\"color: blue;\" href=\"http:\/\/leismunicipa.is\/kqdwa\" target=\"_blank\">http:\/\/leismunicipa.is\/kqdwa<\/a><\/p>\n<p>&nbsp;<\/p>\n<h4><strong>DECRETO N\u00ba 23.969, DE 17 DE AGOSTO DE 2018.<\/strong><\/h4>\n<p style=\"text-align: justify;\">Regulamenta a compet\u00eancia do PROCON Sorocaba para fiscalizar o cumprimento da Lei n\u00ba\u00a0<a style=\"color: blue;\" href=\"https:\/\/leismunicipais.com.br\/a\/sp\/s\/sorocaba\/lei-ordinaria\/2005\/739\/7391\/lei-ordinaria-n-7391-2005-obriga-as-agencias-bancarias-no-ambito-do-municipio-a-prestarem-aos-seus-usuarios-atendimento-em-tempo-razoavel-e-da-outras-providencias\">7.391<\/a>, de 3 de junho de 2005 que obriga as ag\u00eancias banc\u00e1rias, no \u00e2mbito do Munic\u00edpio, a prestarem aos seus usu\u00e1rios, atendimento em tempo razo\u00e1vel e d\u00e1 outras provid\u00eancias.<\/p>\n<p><a style=\"color: blue;\" href=\"http:\/\/leismunicipa.is\/wipka\" target=\"_blank\">http:\/\/leismunicipa.is\/wipka<\/a><\/p>\n<p>&nbsp;<\/p>\n<h4><strong>DECRETO N\u00ba 23.911, DE 24 DE JULHO DE 2018.<\/strong><\/h4>\n<p style=\"text-align: justify;\">Regulamenta a placa indicativa das informa\u00e7\u00f5es aos pacientes previstas no art. 4\u00ba da Lei n\u00ba\u00a0<a style=\"color: blue;\" href=\"https:\/\/leismunicipais.com.br\/a\/sp\/s\/sorocaba\/lei-ordinaria\/2016\/1140\/11405\/lei-ordinaria-n-11405-2016-dispoe-sobre-o-tempo-maximo-de-espera-em-prontos-socorros-que-atendem-pacientes-conveniados-e-da-outras-providencias\">11.405<\/a>, de 31 de agosto de 2016, que disp\u00f5e sobre o tempo m\u00e1ximo de espera em prontos-socorros que atendem pacientes conveniados e d\u00e1 outras provid\u00eancias.<\/p>\n<p><a style=\"color: blue;\" href=\"http:\/\/leismunicipa.is\/icwoh\" target=\"_blank\">http:\/\/leismunicipa.is\/icwoh<\/a><\/p>\n<p>&nbsp;<\/p>\n<h4><strong>DECRETO N\u00ba 23.483, DE 16 DE FEVEREIRO DE 2018.<\/strong><\/h4>\n<p style=\"text-align: justify;\">Regulamenta o Processo Administrativo Sancionat\u00f3rio no \u00e2mbito do PROCON Sorocaba e d\u00e1 outras provid\u00eancias.<\/p>\n<p><a style=\"color: blue;\" href=\"http:\/\/leismunicipa.is\/ufecv\" target=\"_blank\">http:\/\/leismunicipa.is\/ufecv<\/a><\/p>\n<p>&nbsp;<\/p>\n<h4><strong>DECRETO N\u00ba 23.414, DE 22 DE JANEIRO DE 2018.<\/strong><\/h4>\n<p style=\"text-align: justify;\">Disp\u00f5e sobre o Regimento Interno do Conselho Municipal de Defesa do Consumidor \u2013 COMDECON e do Fundo Municipal de Prote\u00e7\u00e3o e Defesa dos Consumidores \u2013 FMDC de Sorocaba e d\u00e1 outras provid\u00eancias.<\/p>\n<p><a style=\"color: blue;\" href=\"http:\/\/leismunicipa.is\/tnvrm\" target=\"_blank\">http:\/\/leismunicipa.is\/tnvrm<\/a><\/p>\n<p>&nbsp;<\/p>\n<h4><strong>LEI N\u00ba 11.648, DE 22 DE DEZEMBRO DE 2017 (Municipaliza\u00e7\u00e3o do PROCON).<\/strong><\/h4>\n<p style=\"text-align: justify;\">Disp\u00f5e sobre a organiza\u00e7\u00e3o do Sistema Municipal de Defesa do Consumidor \u2013 SMDC, institui o Conselho Municipal de Prote\u00e7\u00e3o e Defesa do Consumidor \u2013 COMDECON e o Fundo Municipal de Prote\u00e7\u00e3o e Defesa do Consumidor \u2013 FMDC, cria a Superintend\u00eancia do Servi\u00e7o Municipal de Prote\u00e7\u00e3o ao Consumidor, revoga expressamente a Lei n\u00ba\u00a0<a style=\"color: blue;\" href=\"https:\/\/leismunicipais.com.br\/a\/sp\/s\/sorocaba\/lei-ordinaria\/1980\/207\/2072\/lei-ordinaria-n-2072-1980-instituicao-de-comissao-municipal-de-protecao-ao-consumidor\">2.072<\/a>, de 3 de junho de 1980 e d\u00e1 outras provid\u00eancias.<\/p>\n<p><a style=\"color: blue;\" href=\"http:\/\/leismunicipa.is\/pmtvk\" target=\"_blank\">http:\/\/leismunicipa.is\/pmtvk<\/a><\/p>\n","protected":false},"excerpt":{"rendered":"<p>Compila\u00e7\u00e3o da legisla\u00e7\u00e3o municipal relativa ao \u00d3rg\u00e3o de Defesa do Consumidor &nbsp; LEI N\u00ba 11.799, DE 1 DE OUTUBRO DE 2018. Institui a \u201cCAMPANHA EMPRESA AMIGA DO CONSUMIDOR\u201d e d\u00e1 outras provid\u00eancias. http:\/\/leismunicipa.is\/boqfw &nbsp; DECRETO N\u00ba 24.078, DE 17 DE SETEMBRO DE 2018. Regulamenta procedimentos e processos administrativos no \u00e2mbito do PROCON \u2013 Sorocaba e&nbsp; <a href=\"https:\/\/governo.sorocaba.sp.gov.br\/procon\/legislacao-municipal\/\">&hellip; Leia mais<\/a><\/p>\n","protected":false},"author":43,"featured_media":0,"parent":0,"menu_order":0,"comment_status":"closed","ping_status":"closed","template":"page-subsite-menu.php","meta":{"footnotes":""},"class_list":["post-65","page","type-page","status-publish","hentry"],"_links":{"self":[{"href":"https:\/\/governo.sorocaba.sp.gov.br\/procon\/wp-json\/wp\/v2\/pages\/65","targetHints":{"allow":["GET"]}}],"collection":[{"href":"https:\/\/governo.sorocaba.sp.gov.br\/procon\/wp-json\/wp\/v2\/pages"}],"about":[{"href":"https:\/\/governo.sorocaba.sp.gov.br\/procon\/wp-json\/wp\/v2\/types\/page"}],"author":[{"embeddable":true,"href":"https:\/\/governo.sorocaba.sp.gov.br\/procon\/wp-json\/wp\/v2\/users\/43"}],"replies":[{"embeddable":true,"href":"https:\/\/governo.sorocaba.sp.gov.br\/procon\/wp-json\/wp\/v2\/comments?post=65"}],"version-history":[{"count":29,"href":"https:\/\/governo.sorocaba.sp.gov.br\/procon\/wp-json\/wp\/v2\/pages\/65\/revisions"}],"predecessor-version":[{"id":235,"href":"https:\/\/governo.sorocaba.sp.gov.br\/procon\/wp-json\/wp\/v2\/pages\/65\/revisions\/235"}],"wp:attachment":[{"href":"https:\/\/governo.sorocaba.sp.gov.br\/procon\/wp-json\/wp\/v2\/media?parent=65"}],"curies":[{"name":"wp","href":"https:\/\/api.w.org\/{rel}","templated":true}]}}