{"id":68,"date":"2023-08-03T13:20:52","date_gmt":"2023-08-03T16:20:52","guid":{"rendered":"http:\/\/governo.sorocaba.sp.gov.br\/procon\/?page_id=68"},"modified":"2024-04-17T11:20:41","modified_gmt":"2024-04-17T14:20:41","slug":"legislacao-estadual","status":"publish","type":"page","link":"https:\/\/governo.sorocaba.sp.gov.br\/procon\/legislacao-estadual\/","title":{"rendered":"Legisla\u00e7\u00e3o Estadual"},"content":{"rendered":"<p style=\"text-align: justify;\">Compila\u00e7\u00e3o da legisla\u00e7\u00e3o estadual relativa ao \u00d3rg\u00e3o de Defesa do Consumidor.<\/p>\n<p>&nbsp;<\/p>\n<h4><strong>LEI N\u00ba 9.192, DE 23 DE NOVEMBRO DE 1995<\/strong><\/h4>\n<p style=\"text-align: justify;\">Autoriza o Poder Executivo a instituir a Funda\u00e7\u00e3o de Prote\u00e7\u00e3o e Defesa do Consumidor.<\/p>\n<p><a style=\"color: blue;\" href=\"https:\/\/governo-sp.jusbrasil.com.br\/legislacao\/173445\/lei-9192-95\" target=\"_blank\" rel=\"noreferrer noopener\">https:\/\/governo-sp.jusbrasil.com.br\/legislacao\/173445\/lei-9192-95<\/a><\/p>\n<p>&nbsp;<\/p>\n<h4><strong>LEI N\u00ba 2.831, DE 12 DE MAIO DE 1981<\/strong><\/h4>\n<p style=\"text-align: justify;\">Obriga os estabelecimentos comerciais e Os de presta\u00e7\u00e3o de servi\u00e7o a afixarem, em lugar vis\u00edvel, o endere\u00e7o e o n\u00famero dos telefones do PROCON \u2013 Grupo Executivo de Prote\u00e7\u00e3o ao Consumidor, e da Delegacia de Pol\u00edcia.<\/p>\n<p><a style=\"color: blue;\" href=\"https:\/\/governo-sp.jusbrasil.com.br\/legislacao\/203434\/lei-2831-81\" target=\"_blank\" rel=\"noreferrer noopener\">https:\/\/governo-sp.jusbrasil.com.br\/legislacao\/203434\/lei-2831-81<\/a><\/p>\n","protected":false},"excerpt":{"rendered":"<p>Compila\u00e7\u00e3o da legisla\u00e7\u00e3o estadual relativa ao \u00d3rg\u00e3o de Defesa do Consumidor. &nbsp; LEI N\u00ba 9.192, DE 23 DE NOVEMBRO DE 1995 Autoriza o Poder Executivo a instituir a Funda\u00e7\u00e3o de Prote\u00e7\u00e3o e Defesa do Consumidor. https:\/\/governo-sp.jusbrasil.com.br\/legislacao\/173445\/lei-9192-95 &nbsp; LEI N\u00ba 2.831, DE 12 DE MAIO DE 1981 Obriga os estabelecimentos comerciais e Os de presta\u00e7\u00e3o de&nbsp; <a href=\"https:\/\/governo.sorocaba.sp.gov.br\/procon\/legislacao-estadual\/\">&hellip; Leia mais<\/a><\/p>\n","protected":false},"author":43,"featured_media":0,"parent":0,"menu_order":0,"comment_status":"closed","ping_status":"closed","template":"page-subsite-menu.php","meta":{"footnotes":""},"class_list":["post-68","page","type-page","status-publish","hentry"],"_links":{"self":[{"href":"https:\/\/governo.sorocaba.sp.gov.br\/procon\/wp-json\/wp\/v2\/pages\/68","targetHints":{"allow":["GET"]}}],"collection":[{"href":"https:\/\/governo.sorocaba.sp.gov.br\/procon\/wp-json\/wp\/v2\/pages"}],"about":[{"href":"https:\/\/governo.sorocaba.sp.gov.br\/procon\/wp-json\/wp\/v2\/types\/page"}],"author":[{"embeddable":true,"href":"https:\/\/governo.sorocaba.sp.gov.br\/procon\/wp-json\/wp\/v2\/users\/43"}],"replies":[{"embeddable":true,"href":"https:\/\/governo.sorocaba.sp.gov.br\/procon\/wp-json\/wp\/v2\/comments?post=68"}],"version-history":[{"count":15,"href":"https:\/\/governo.sorocaba.sp.gov.br\/procon\/wp-json\/wp\/v2\/pages\/68\/revisions"}],"predecessor-version":[{"id":234,"href":"https:\/\/governo.sorocaba.sp.gov.br\/procon\/wp-json\/wp\/v2\/pages\/68\/revisions\/234"}],"wp:attachment":[{"href":"https:\/\/governo.sorocaba.sp.gov.br\/procon\/wp-json\/wp\/v2\/media?parent=68"}],"curies":[{"name":"wp","href":"https:\/\/api.w.org\/{rel}","templated":true}]}}