{"id":71,"date":"2023-08-03T13:22:04","date_gmt":"2023-08-03T16:22:04","guid":{"rendered":"http:\/\/governo.sorocaba.sp.gov.br\/procon\/?page_id=71"},"modified":"2024-04-17T11:20:41","modified_gmt":"2024-04-17T14:20:41","slug":"legislacao-federal","status":"publish","type":"page","link":"https:\/\/governo.sorocaba.sp.gov.br\/procon\/legislacao-federal\/","title":{"rendered":"Legisla\u00e7\u00e3o Federal"},"content":{"rendered":"<p style=\"text-align: left;\">Compila\u00e7\u00e3o da legisla\u00e7\u00e3o federal relativa ao \u00d3rg\u00e3o de Defesa do Consumidor.<\/p>\n<p>&nbsp;<\/p>\n<h4><strong>LEI N\u00ba 12.291, DE 20 DE JULHO DE 2010<\/strong><\/h4>\n<p style=\"text-align: justify;\">Torna obrigat\u00f3ria a\u00a0<strong>manuten\u00e7\u00e3o de exemplar do C\u00f3digo de Defesa do Consumidor<\/strong>\u00a0nos estabelecimentos comerciais e de presta\u00e7\u00e3o de servi\u00e7os.<\/p>\n<p><a style=\"color: blue;\" href=\"http:\/\/www.planalto.gov.br\/ccivil_03\/_ato2007-2010\/2010\/lei\/l12291.htm\" target=\"_blank\" rel=\"noreferrer noopener\">http:\/\/www.planalto.gov.br\/ccivil_03\/_ato2007-2010\/2010\/lei\/l12291.htm<\/a><\/p>\n<p>&nbsp;<\/p>\n<h4><strong>DECRETO N\u00ba 5.903, DE 20 DE SETEMBRO DE 2006<\/strong><\/h4>\n<p style=\"text-align: justify;\">Regulamenta a Lei n<sup>o<\/sup>\u00a010.962, de 11 de outubro de 2004, e a Lei n<sup>o<\/sup>\u00a08.078, de 11 de setembro de 1990 (PRECIFICA\u00c7\u00c3O).<\/p>\n<p><a style=\"color: blue;\" href=\"http:\/\/www.planalto.gov.br\/ccivil_03\/_Ato2004-2006\/2006\/Decreto\/D5903.htm\" target=\"_blank\" rel=\"noreferrer noopener\">http:\/\/www.planalto.gov.br\/ccivil_03\/_Ato2004-2006\/2006\/Decreto\/D5903.htm<\/a><\/p>\n<p>&nbsp;<\/p>\n<h4><strong>LEI N\u00ba 10.962, DE 11 DE OUTUBRO DE 2004<\/strong><\/h4>\n<p style=\"text-align: justify;\">Disp\u00f5e sobre a oferta e as formas de\u00a0<strong>afixa\u00e7\u00e3o de pre\u00e7os<\/strong>\u00a0de produtos e servi\u00e7os para o consumidor.<\/p>\n<p><a style=\"color: blue;\" href=\"http:\/\/www.planalto.gov.br\/ccivil_03\/_Ato2004-2006\/2004\/Lei\/L10.962.htm\" target=\"_blank\" rel=\"noreferrer noopener\">http:\/\/www.planalto.gov.br\/ccivil_03\/_Ato2004-2006\/2004\/Lei\/L10.962.htm<\/a><\/p>\n<p>&nbsp;<\/p>\n<h4><strong>DECRETO N\u00ba 2.181, DE 20 DE MAR\u00c7O DE 1997<\/strong><\/h4>\n<p style=\"text-align: justify;\">Disp\u00f5e sobre a organiza\u00e7\u00e3o do Sistema Nacional de Defesa do Consumidor \u2013 SNDC, estabelece as normas gerais de aplica\u00e7\u00e3o das\u00a0<strong>san\u00e7\u00f5es administrativas<\/strong>\u00a0previstas na Lei n\u00ba 8.078, de 11 de setembro de 1990, revoga o Decreto N\u00ba 861, de 9 julho de 1993, e d\u00e1 outras provid\u00eancias.<\/p>\n<p><a style=\"color: blue;\" href=\"http:\/\/www.planalto.gov.br\/ccivil_03\/decreto\/D2181.htm\" target=\"_blank\" rel=\"noreferrer noopener\">http:\/\/www.planalto.gov.br\/ccivil_03\/decreto\/D2181.htm<\/a><\/p>\n<p>&nbsp;<\/p>\n<h4><strong>LEI N\u00ba 14.181, DE 1\u00ba DE JULHO DE 2021<\/strong><\/h4>\n<p style=\"text-align: justify;\">Altera a Lei n\u00ba 8.078, de setembro de 1990 (C\u00f3digo de Defesa do Consumidor), e a Lei n\u00ba 10.741, de 1\u00ba de outubro de 2003 (Estatuto do Idoso), para aperfei\u00e7oar a disciplina do cr\u00e9dito ao consumidor e dispor sobre a preven\u00e7\u00e3o e o tratamento do superendividamento.<\/p>\n<p><a style=\"color: blue;\" href=\"https:\/\/www.planalto.gov.br\/ccivil_03\/_ato2019-2022\/2021\/lei\/l14181.htm\" target=\"_blank\">https:\/\/www.planalto.gov.br\/ccivil_03\/_ato2019-2022\/2021\/lei\/l14181.htm<\/a><\/p>\n<p><a style=\"color: blue;\" href=\"https:\/\/www.cnj.jus.br\/wp-content\/uploads\/2022\/08\/cartilha-superendividamento.pdf\" target=\"_blank\">Cartilha Superendividamento<\/a><\/p>\n<p>&nbsp;<\/p>\n","protected":false},"excerpt":{"rendered":"<p>Compila\u00e7\u00e3o da legisla\u00e7\u00e3o federal relativa ao \u00d3rg\u00e3o de Defesa do Consumidor. &nbsp; LEI N\u00ba 12.291, DE 20 DE JULHO DE 2010 Torna obrigat\u00f3ria a\u00a0manuten\u00e7\u00e3o de exemplar do C\u00f3digo de Defesa do Consumidor\u00a0nos estabelecimentos comerciais e de presta\u00e7\u00e3o de servi\u00e7os. http:\/\/www.planalto.gov.br\/ccivil_03\/_ato2007-2010\/2010\/lei\/l12291.htm &nbsp; DECRETO N\u00ba 5.903, DE 20 DE SETEMBRO DE 2006 Regulamenta a Lei no\u00a010.962, de&nbsp; <a href=\"https:\/\/governo.sorocaba.sp.gov.br\/procon\/legislacao-federal\/\">&hellip; Leia mais<\/a><\/p>\n","protected":false},"author":43,"featured_media":0,"parent":0,"menu_order":0,"comment_status":"closed","ping_status":"closed","template":"page-subsite-menu.php","meta":{"footnotes":""},"class_list":["post-71","page","type-page","status-publish","hentry"],"_links":{"self":[{"href":"https:\/\/governo.sorocaba.sp.gov.br\/procon\/wp-json\/wp\/v2\/pages\/71","targetHints":{"allow":["GET"]}}],"collection":[{"href":"https:\/\/governo.sorocaba.sp.gov.br\/procon\/wp-json\/wp\/v2\/pages"}],"about":[{"href":"https:\/\/governo.sorocaba.sp.gov.br\/procon\/wp-json\/wp\/v2\/types\/page"}],"author":[{"embeddable":true,"href":"https:\/\/governo.sorocaba.sp.gov.br\/procon\/wp-json\/wp\/v2\/users\/43"}],"replies":[{"embeddable":true,"href":"https:\/\/governo.sorocaba.sp.gov.br\/procon\/wp-json\/wp\/v2\/comments?post=71"}],"version-history":[{"count":13,"href":"https:\/\/governo.sorocaba.sp.gov.br\/procon\/wp-json\/wp\/v2\/pages\/71\/revisions"}],"predecessor-version":[{"id":232,"href":"https:\/\/governo.sorocaba.sp.gov.br\/procon\/wp-json\/wp\/v2\/pages\/71\/revisions\/232"}],"wp:attachment":[{"href":"https:\/\/governo.sorocaba.sp.gov.br\/procon\/wp-json\/wp\/v2\/media?parent=71"}],"curies":[{"name":"wp","href":"https:\/\/api.w.org\/{rel}","templated":true}]}}