{"id":803,"date":"2026-03-12T16:43:10","date_gmt":"2026-03-12T19:43:10","guid":{"rendered":"https:\/\/governo.sorocaba.sp.gov.br\/procon\/?page_id=803"},"modified":"2026-03-12T16:44:50","modified_gmt":"2026-03-12T19:44:50","slug":"notas-tecnicas","status":"publish","type":"page","link":"https:\/\/governo.sorocaba.sp.gov.br\/procon\/notas-tecnicas\/","title":{"rendered":"Notas t\u00e9cnicas"},"content":{"rendered":"<ul>\n<li><a href=\"http:\/\/governo.sorocaba.sp.gov.br\/procon\/wp-content\/uploads\/sites\/3\/2026\/03\/2026-003-procon-nota-tecnica01.pdf\">Nota t\u00e9cnica 01\/2026 &#8211; Moitoramento e fiscaliza\u00e7\u00e3o de pre\u00e7os de combust\u00edveis<\/a><\/li>\n<\/ul>\n","protected":false},"excerpt":{"rendered":"<p>Nota t\u00e9cnica 01\/2026 &#8211; Moitoramento e fiscaliza\u00e7\u00e3o de pre\u00e7os de combust\u00edveis<\/p>\n","protected":false},"author":44,"featured_media":0,"parent":0,"menu_order":0,"comment_status":"closed","ping_status":"closed","template":"","meta":{"footnotes":""},"class_list":["post-803","page","type-page","status-publish","hentry"],"_links":{"self":[{"href":"https:\/\/governo.sorocaba.sp.gov.br\/procon\/wp-json\/wp\/v2\/pages\/803","targetHints":{"allow":["GET"]}}],"collection":[{"href":"https:\/\/governo.sorocaba.sp.gov.br\/procon\/wp-json\/wp\/v2\/pages"}],"about":[{"href":"https:\/\/governo.sorocaba.sp.gov.br\/procon\/wp-json\/wp\/v2\/types\/page"}],"author":[{"embeddable":true,"href":"https:\/\/governo.sorocaba.sp.gov.br\/procon\/wp-json\/wp\/v2\/users\/44"}],"replies":[{"embeddable":true,"href":"https:\/\/governo.sorocaba.sp.gov.br\/procon\/wp-json\/wp\/v2\/comments?post=803"}],"version-history":[{"count":3,"href":"https:\/\/governo.sorocaba.sp.gov.br\/procon\/wp-json\/wp\/v2\/pages\/803\/revisions"}],"predecessor-version":[{"id":808,"href":"https:\/\/governo.sorocaba.sp.gov.br\/procon\/wp-json\/wp\/v2\/pages\/803\/revisions\/808"}],"wp:attachment":[{"href":"https:\/\/governo.sorocaba.sp.gov.br\/procon\/wp-json\/wp\/v2\/media?parent=803"}],"curies":[{"name":"wp","href":"https:\/\/api.w.org\/{rel}","templated":true}]}}