{"id":82,"date":"2023-08-03T13:49:08","date_gmt":"2023-08-03T16:49:08","guid":{"rendered":"http:\/\/governo.sorocaba.sp.gov.br\/procon\/?page_id=82"},"modified":"2024-04-17T11:20:42","modified_gmt":"2024-04-17T14:20:42","slug":"regulamentacoes","status":"publish","type":"page","link":"https:\/\/governo.sorocaba.sp.gov.br\/procon\/regulamentacoes\/","title":{"rendered":"Regulamenta\u00e7\u00f5es"},"content":{"rendered":"<p style=\"text-align: justify;\">Confira aqui as principais regulamenta\u00e7\u00f5es sobre comercializa\u00e7\u00e3o de produtos e servi\u00e7os de acordo com os \u00d3rg\u00e3os respons\u00e1veis.<\/p>\n<p>&nbsp;<\/p>\n<h4><strong>Ag\u00eancia Nacional de Energia El\u00e9trica (ANEEL)<\/strong><\/h4>\n<p><a style=\"color: blue;\" href=\"https:\/\/www2.aneel.gov.br\/cedoc\/ren20211000.pdf\" target=\"_blank\" rel=\"noreferrer noopener\">Bandeiras Tarif\u00e1rias<br \/>\n<\/a><a style=\"color: blue;\" href=\"https:\/\/www.gov.br\/pt-br\/servicos\/regularizar-rede-particular-de-energia-eletrica\" target=\"_blank\" rel=\"noreferrer noopener\">Condi\u00e7\u00f5es Gerais do Fornecimento de Energia El\u00e9trica<\/a><br \/>\n<\/strong><a style=\"color: blue;\" href=\"https:\/\/www2.aneel.gov.br\/cedoc\/ren20231059.pdf\" target=\"_blank\" rel=\"noreferrer noopener\">Micro e Minigera\u00e7\u00e3o<\/a><\/p>\n<p>&nbsp;<\/p>\n<h4><strong>Ag\u00eancia Nacional do Petr\u00f3leo (ANP)<\/strong><\/h4>\n<p><a style=\"color: blue;\" href=\"https:\/\/www.gov.br\/pt-br\/servicos\/obter-autorizacao-para-o-exercicio-da-atividade-conjuntamente-com-a-outorga-da-primeira-autorizacao-da-instalacao-de-biocombustiveis\" target=\"_blank\" rel=\"noreferrer noopener\">Biocombust\u00edveis<\/a><br \/>\n<a style=\"color: blue;\" href=\"https:\/\/www.gov.br\/pt-br\/servicos\/obter-autorizacao-de-comercializacao-de-gas-natural\" target=\"_blank\" rel=\"noreferrer noopener\">G\u00e1s Natural<\/a><br \/>\n<a style=\"color: blue;\" href=\"https:\/\/www.gov.br\/pt-br\/servicos\/autorizar-atividade-de-agente-de-comercio-exterior-de-biocombustiveis-petroleo-e-derivados-e-derivados-de-gas-natural\" target=\"_blank\" rel=\"noreferrer noopener\">Petr\u00f3leo e Derivados<\/a><\/p>\n<p>&nbsp;<\/p>\n<h4><strong>Ag\u00eancia Nacional de Telecomunica\u00e7\u00f5es (ANATEL)<\/strong><\/h4>\n<p><a style=\"color: blue;\" href=\"https:\/\/www.anatel.gov.br\/legislacao\/component\/pesquisa\/view-results\/module-188\/searchterm-QmFuZGFMYXJnYQ\" target=\"_blank\" rel=\"noreferrer noopener\">Banda Larga<\/a><br \/>\n<a style=\"color: blue;\" href=\"https:\/\/www.anatel.gov.br\/legislacao\/component\/pesquisa\/view-results\/module-188\/searchterm-VGVsZWZvbmlhRml4YQ\" target=\"_blank\" rel=\"noreferrer noopener\">Telefonia Fixa<\/a><br \/>\n<a style=\"color: blue;\" href=\"https:\/\/www.anatel.gov.br\/legislacao\/component\/pesquisa\/view-results\/module-188\/searchterm-VGVsZWZvbmlhTW92ZWw\" target=\"_blank\" rel=\"noreferrer noopener\">Telefonia M\u00f3vel<\/a><\/p>\n<p>&nbsp;<\/p>\n<h4><strong>Ag\u00eancia Nacional de Vigil\u00e2ncia Sanit\u00e1ria (ANVISA)<\/strong><\/h4>\n<p><a style=\"color: blue;\" href=\"https:\/\/www.gov.br\/pt-br\/servicos\/registrar-alimentos\" target=\"_blank\" rel=\"noreferrer noopener\">Alimentos<\/a><br \/>\n<a style=\"color: blue;\" href=\"https:\/\/www.gov.br\/pt-br\/servicos\/obter-regularizacao-de-produtos-de-higiene-pessoal-perfumes-e-cosmeticos-isentos-de-registro-por-meio-de-notificacao\" target=\"_blank\" rel=\"noreferrer noopener\">Cosm\u00e9ticos e Perfumes<\/a><br \/>\n<a style=\"color: blue;\" href=\"https:\/\/www.gov.br\/pt-br\/servicos\/solicitar-autorizacao-de-funcionamento-ou-autorizacao-especial-2013-medicamentos-e-insumos\" target=\"_blank\" rel=\"noreferrer noopener\">Medicamentos<\/a><br \/>\n<a style=\"color: blue;\" href=\"https:\/\/www.gov.br\/pt-br\/servicos\/solicitar-autorizacao-de-funcionamento-ou-autorizacao-especial-em-portos-aeroportos-e-fronteiras\" target=\"_blank\" rel=\"noreferrer noopener\">Portos e Aeroportos<\/a><br \/>\n<a style=\"color: blue;\" href=\"https:\/\/www.gov.br\/pt-br\/servicos\/solicitar-autorizacao-de-funcionamento-2013-produtos-para-saude\" target=\"_blank\" rel=\"noreferrer noopener\">Produtos para a Sa\u00fade<\/a><br \/>\n<a style=\"color: blue;\" href=\"https:\/\/www.gov.br\/pt-br\/servicos\/solicitar-regularizacao-de-saneantes-isentos-de-registro\" target=\"_blank\" rel=\"noreferrer noopener\">Saneantes<\/a><br \/>\n<a style=\"color: blue;\" href=\"https:\/\/www.gov.br\/pt-br\/servicos\/solicitar-registro-de-saneantes-de-risco-2\" target=\"_blank\" rel=\"noreferrer noopener\">Saneantes de Risco 2<\/a><br \/>\n<a style=\"color: blue;\" href=\"https:\/\/www.gov.br\/anvisa\/pt-br\/assuntos\/servicosdesaude\" target=\"_blank\" rel=\"noreferrer noopener\">Servi\u00e7os de Sa\u00fade<\/a><br \/>\n<a style=\"color: blue;\" href=\"https:\/\/www.gov.br\/pt-br\/servicos\/solicitar-registro-de-produtos-fumigenos-derivados-do-tabaco\" target=\"_blank\" rel=\"noreferrer noopener\">Tabaco<\/a><\/p>\n","protected":false},"excerpt":{"rendered":"<p>Confira aqui as principais regulamenta\u00e7\u00f5es sobre comercializa\u00e7\u00e3o de produtos e servi\u00e7os de acordo com os \u00d3rg\u00e3os respons\u00e1veis. &nbsp; Ag\u00eancia Nacional de Energia El\u00e9trica (ANEEL) Bandeiras Tarif\u00e1rias Condi\u00e7\u00f5es Gerais do Fornecimento de Energia El\u00e9trica Micro e Minigera\u00e7\u00e3o &nbsp; Ag\u00eancia Nacional do Petr\u00f3leo (ANP) Biocombust\u00edveis G\u00e1s Natural Petr\u00f3leo e Derivados &nbsp; Ag\u00eancia Nacional de Telecomunica\u00e7\u00f5es (ANATEL) Banda&nbsp; <a href=\"https:\/\/governo.sorocaba.sp.gov.br\/procon\/regulamentacoes\/\">&hellip; Leia mais<\/a><\/p>\n","protected":false},"author":43,"featured_media":0,"parent":0,"menu_order":0,"comment_status":"closed","ping_status":"closed","template":"page-subsite-menu.php","meta":{"footnotes":""},"class_list":["post-82","page","type-page","status-publish","hentry"],"_links":{"self":[{"href":"https:\/\/governo.sorocaba.sp.gov.br\/procon\/wp-json\/wp\/v2\/pages\/82","targetHints":{"allow":["GET"]}}],"collection":[{"href":"https:\/\/governo.sorocaba.sp.gov.br\/procon\/wp-json\/wp\/v2\/pages"}],"about":[{"href":"https:\/\/governo.sorocaba.sp.gov.br\/procon\/wp-json\/wp\/v2\/types\/page"}],"author":[{"embeddable":true,"href":"https:\/\/governo.sorocaba.sp.gov.br\/procon\/wp-json\/wp\/v2\/users\/43"}],"replies":[{"embeddable":true,"href":"https:\/\/governo.sorocaba.sp.gov.br\/procon\/wp-json\/wp\/v2\/comments?post=82"}],"version-history":[{"count":16,"href":"https:\/\/governo.sorocaba.sp.gov.br\/procon\/wp-json\/wp\/v2\/pages\/82\/revisions"}],"predecessor-version":[{"id":374,"href":"https:\/\/governo.sorocaba.sp.gov.br\/procon\/wp-json\/wp\/v2\/pages\/82\/revisions\/374"}],"wp:attachment":[{"href":"https:\/\/governo.sorocaba.sp.gov.br\/procon\/wp-json\/wp\/v2\/media?parent=82"}],"curies":[{"name":"wp","href":"https:\/\/api.w.org\/{rel}","templated":true}]}}